{"id":3389,"date":"2026-04-09T04:12:14","date_gmt":"2026-04-09T04:12:14","guid":{"rendered":"https:\/\/publicidadigitalcity.com\/?page_id=3389"},"modified":"2026-04-09T04:22:20","modified_gmt":"2026-04-09T04:22:20","slug":"corte-y-grabado-laser","status":"publish","type":"page","link":"https:\/\/publicidadigitalcity.com\/index.php\/corte-y-grabado-laser\/","title":{"rendered":"Corte y Grabado Las\u00e9r"},"content":{"rendered":"\t\t<div data-elementor-type=\"wp-page\" data-elementor-id=\"3389\" class=\"elementor elementor-3389\" data-elementor-post-type=\"page\">\n\t\t\t\t<div class=\"elementor-element elementor-element-dedf9e4 e-flex e-con-boxed e-con e-parent\" data-id=\"dedf9e4\" data-element_type=\"container\">\n\t\t\t\t\t<div class=\"e-con-inner\">\n\t\t\t\t<div class=\"elementor-element elementor-element-7ba10ea elementor-widget elementor-widget-image\" data-id=\"7ba10ea\" data-element_type=\"widget\" data-widget_type=\"image.default\">\n\t\t\t\t<div class=\"elementor-widget-container\">\n\t\t\t\t\t\t\t\t\t\t\t\t\t<img fetchpriority=\"high\" decoding=\"async\" width=\"640\" height=\"640\" src=\"https:\/\/publicidadigitalcity.com\/wp-content\/uploads\/2026\/04\/flyer-laser-1024x1024.png\" class=\"attachment-large size-large wp-image-3307\" alt=\"\" srcset=\"https:\/\/publicidadigitalcity.com\/wp-content\/uploads\/2026\/04\/flyer-laser-1024x1024.png 1024w, https:\/\/publicidadigitalcity.com\/wp-content\/uploads\/2026\/04\/flyer-laser-300x300.png 300w, https:\/\/publicidadigitalcity.com\/wp-content\/uploads\/2026\/04\/flyer-laser-150x150.png 150w, https:\/\/publicidadigitalcity.com\/wp-content\/uploads\/2026\/04\/flyer-laser-768x767.png 768w, https:\/\/publicidadigitalcity.com\/wp-content\/uploads\/2026\/04\/flyer-laser-600x599.png 600w, https:\/\/publicidadigitalcity.com\/wp-content\/uploads\/2026\/04\/flyer-laser-100x100.png 100w, https:\/\/publicidadigitalcity.com\/wp-content\/uploads\/2026\/04\/flyer-laser.png 1101w\" sizes=\"(max-width: 640px) 100vw, 640px\" \/>\t\t\t\t\t\t\t\t\t\t\t\t\t<\/div>\n\t\t\t\t<\/div>\n\t\t\t\t\t<\/div>\n\t\t\t\t<\/div>\n\t\t<div class=\"elementor-element elementor-element-b1cd3d6 e-flex e-con-boxed e-con e-parent\" data-id=\"b1cd3d6\" data-element_type=\"container\">\n\t\t\t\t\t<div class=\"e-con-inner\">\n\t\t\t\t<div class=\"elementor-element elementor-element-a370142 elementor-widget elementor-widget-text-editor\" data-id=\"a370142\" data-element_type=\"widget\" data-widget_type=\"text-editor.default\">\n\t\t\t\t<div class=\"elementor-widget-container\">\n\t\t\t\t\t\t\t<p data-start=\"154\" data-end=\"464\">Ofrecemos servicios de corte y grabado l\u00e1ser en Mocoa, Putumayo de alta precisi\u00f3n, ideales para dar vida a tus ideas con acabados profesionales y personalizados. Trabajamos sobre una amplia variedad de materiales como acr\u00edlico, MDF, cuero, cart\u00f3n, Foami, cartulina, sellos y m\u00e1s, garantizando resultados limpios, detallados y de excelente calidad.<\/p><p data-start=\"466\" data-end=\"771\">Nuestro servicio es perfecto para la elaboraci\u00f3n de letreros en acrilico 3D , piezas decorativas, recordatorios, habladores, Placas de pago, llaveros, reconocimientos, medallas, trofeos, buzones de sugerencia, caja de propina,\u00a0 exhibidores, organizadores personalizados, se\u00f1alizaci\u00f3n, art\u00edculos publicitarios y proyectos especiales. Nos adaptamos a tus necesidades, brindando asesor\u00eda en dise\u00f1o y optimizaci\u00f3n de archivos para obtener el mejor resultado.<\/p><p data-start=\"773\" data-end=\"915\">Contamos con tecnolog\u00eda moderna que permite cortes exactos y grabados finos, asegurando rapidez en la entrega y cumplimiento en cada proyecto.<\/p>\t\t\t\t\t\t<\/div>\n\t\t\t\t<\/div>\n\t\t\t\t\t<\/div>\n\t\t\t\t<\/div>\n\t\t\t\t<\/div>\n\t\t","protected":false},"excerpt":{"rendered":"<p>Ofrecemos servicios de corte y grabado l\u00e1ser en Mocoa, Putumayo de alta precisi\u00f3n, ideales para dar vida a tus ideas con acabados profesionales y personalizados. Trabajamos sobre una amplia variedad de materiales como acr\u00edlico, MDF, cuero, cart\u00f3n, Foami, cartulina, sellos y m\u00e1s, garantizando resultados limpios, detallados y de excelente calidad. Nuestro servicio es perfecto para<\/p>\n<div class=\"more-link\">\n\t\t\t\t <a href=\"https:\/\/publicidadigitalcity.com\/index.php\/corte-y-grabado-laser\/\" class=\"theme-btn\"><span>Seguir leyendo<\/span><\/a>\n\t\t\t<\/div>\n","protected":false},"author":1,"featured_media":0,"parent":0,"menu_order":0,"comment_status":"closed","ping_status":"closed","template":"","meta":{"_joinchat":[],"footnotes":""},"class_list":["post-3389","page","type-page","status-publish","hentry"],"aioseo_notices":[],"yoast_head":"<!-- This site is optimized with the Yoast SEO plugin v23.6 - https:\/\/yoast.com\/wordpress\/plugins\/seo\/ -->\n<title>Corte y Grabado Las\u00e9r - publicidadigitalcity<\/title>\n<meta name=\"description\" content=\"corte y grabado l\u00e1ser en Mocoa, Putumayo de alta precisi\u00f3n, ideales para dar vida a tus ideas con acabados profesionales y personalizados. Trabajamos sobre una amplia variedad de materiales como acr\u00edlico, MDF, cuero, cart\u00f3n, Foami, cartulina, sellos y m\u00e1s, garantizando resultados limpios, detallados y de excelente calidad.\" \/>\n<meta name=\"robots\" content=\"index, follow, max-snippet:-1, max-image-preview:large, max-video-preview:-1\" \/>\n<link rel=\"canonical\" href=\"https:\/\/publicidadigitalcity.com\/index.php\/corte-y-grabado-laser\/\" \/>\n<meta property=\"og:locale\" content=\"es_ES\" \/>\n<meta property=\"og:type\" content=\"article\" \/>\n<meta property=\"og:title\" content=\"Corte y Grabado Las\u00e9r - publicidadigitalcity\" \/>\n<meta property=\"og:description\" content=\"corte y grabado l\u00e1ser en Mocoa, Putumayo de alta precisi\u00f3n, ideales para dar vida a tus ideas con acabados profesionales y personalizados. Trabajamos sobre una amplia variedad de materiales como acr\u00edlico, MDF, cuero, cart\u00f3n, Foami, cartulina, sellos y m\u00e1s, garantizando resultados limpios, detallados y de excelente calidad.\" \/>\n<meta property=\"og:url\" content=\"https:\/\/publicidadigitalcity.com\/index.php\/corte-y-grabado-laser\/\" \/>\n<meta property=\"og:site_name\" content=\"publicidadigitalcity\" \/>\n<meta property=\"article:modified_time\" content=\"2026-04-09T04:22:20+00:00\" \/>\n<meta property=\"og:image\" content=\"http:\/\/publicidadigitalcity.com\/wp-content\/uploads\/2026\/04\/flyer-laser-1024x1024.png\" \/>\n<meta name=\"twitter:card\" content=\"summary_large_image\" \/>\n<meta name=\"twitter:label1\" content=\"Tiempo de lectura\" \/>\n\t<meta name=\"twitter:data1\" content=\"1 minuto\" \/>\n<script type=\"application\/ld+json\" class=\"yoast-schema-graph\">{\"@context\":\"https:\/\/schema.org\",\"@graph\":[{\"@type\":\"WebPage\",\"@id\":\"https:\/\/publicidadigitalcity.com\/index.php\/corte-y-grabado-laser\/\",\"url\":\"https:\/\/publicidadigitalcity.com\/index.php\/corte-y-grabado-laser\/\",\"name\":\"Corte y Grabado Las\u00e9r - publicidadigitalcity\",\"isPartOf\":{\"@id\":\"https:\/\/publicidadigitalcity.com\/#website\"},\"primaryImageOfPage\":{\"@id\":\"https:\/\/publicidadigitalcity.com\/index.php\/corte-y-grabado-laser\/#primaryimage\"},\"image\":{\"@id\":\"https:\/\/publicidadigitalcity.com\/index.php\/corte-y-grabado-laser\/#primaryimage\"},\"thumbnailUrl\":\"http:\/\/publicidadigitalcity.com\/wp-content\/uploads\/2026\/04\/flyer-laser-1024x1024.png\",\"datePublished\":\"2026-04-09T04:12:14+00:00\",\"dateModified\":\"2026-04-09T04:22:20+00:00\",\"description\":\"corte y grabado l\u00e1ser en Mocoa, Putumayo de alta precisi\u00f3n, ideales para dar vida a tus ideas con acabados profesionales y personalizados. Trabajamos sobre una amplia variedad de materiales como acr\u00edlico, MDF, cuero, cart\u00f3n, Foami, cartulina, sellos y m\u00e1s, garantizando resultados limpios, detallados y de excelente calidad.\",\"breadcrumb\":{\"@id\":\"https:\/\/publicidadigitalcity.com\/index.php\/corte-y-grabado-laser\/#breadcrumb\"},\"inLanguage\":\"es\",\"potentialAction\":[{\"@type\":\"ReadAction\",\"target\":[\"https:\/\/publicidadigitalcity.com\/index.php\/corte-y-grabado-laser\/\"]}]},{\"@type\":\"ImageObject\",\"inLanguage\":\"es\",\"@id\":\"https:\/\/publicidadigitalcity.com\/index.php\/corte-y-grabado-laser\/#primaryimage\",\"url\":\"http:\/\/publicidadigitalcity.com\/wp-content\/uploads\/2026\/04\/flyer-laser-1024x1024.png\",\"contentUrl\":\"http:\/\/publicidadigitalcity.com\/wp-content\/uploads\/2026\/04\/flyer-laser-1024x1024.png\"},{\"@type\":\"BreadcrumbList\",\"@id\":\"https:\/\/publicidadigitalcity.com\/index.php\/corte-y-grabado-laser\/#breadcrumb\",\"itemListElement\":[{\"@type\":\"ListItem\",\"position\":1,\"name\":\"Home\",\"item\":\"https:\/\/publicidadigitalcity.com\/\"},{\"@type\":\"ListItem\",\"position\":2,\"name\":\"Corte y Grabado Las\u00e9r\"}]},{\"@type\":\"WebSite\",\"@id\":\"https:\/\/publicidadigitalcity.com\/#website\",\"url\":\"https:\/\/publicidadigitalcity.com\/\",\"name\":\"publicidadigitalcity\",\"description\":\"\",\"publisher\":{\"@id\":\"https:\/\/publicidadigitalcity.com\/#organization\"},\"potentialAction\":[{\"@type\":\"SearchAction\",\"target\":{\"@type\":\"EntryPoint\",\"urlTemplate\":\"https:\/\/publicidadigitalcity.com\/?s={search_term_string}\"},\"query-input\":{\"@type\":\"PropertyValueSpecification\",\"valueRequired\":true,\"valueName\":\"search_term_string\"}}],\"inLanguage\":\"es\"},{\"@type\":\"Organization\",\"@id\":\"https:\/\/publicidadigitalcity.com\/#organization\",\"name\":\"publicidadigitalcity\",\"url\":\"https:\/\/publicidadigitalcity.com\/\",\"logo\":{\"@type\":\"ImageObject\",\"inLanguage\":\"es\",\"@id\":\"https:\/\/publicidadigitalcity.com\/#\/schema\/logo\/image\/\",\"url\":\"https:\/\/publicidadigitalcity.com\/wp-content\/uploads\/2022\/05\/cropped-cropped-logo-digital-city.png\",\"contentUrl\":\"https:\/\/publicidadigitalcity.com\/wp-content\/uploads\/2022\/05\/cropped-cropped-logo-digital-city.png\",\"width\":512,\"height\":512,\"caption\":\"publicidadigitalcity\"},\"image\":{\"@id\":\"https:\/\/publicidadigitalcity.com\/#\/schema\/logo\/image\/\"}}]}<\/script>\n<!-- \/ Yoast SEO plugin. -->","yoast_head_json":{"title":"Corte y Grabado Las\u00e9r - publicidadigitalcity","description":"corte y grabado l\u00e1ser en Mocoa, Putumayo de alta precisi\u00f3n, ideales para dar vida a tus ideas con acabados profesionales y personalizados. Trabajamos sobre una amplia variedad de materiales como acr\u00edlico, MDF, cuero, cart\u00f3n, Foami, cartulina, sellos y m\u00e1s, garantizando resultados limpios, detallados y de excelente calidad.","robots":{"index":"index","follow":"follow","max-snippet":"max-snippet:-1","max-image-preview":"max-image-preview:large","max-video-preview":"max-video-preview:-1"},"canonical":"https:\/\/publicidadigitalcity.com\/index.php\/corte-y-grabado-laser\/","og_locale":"es_ES","og_type":"article","og_title":"Corte y Grabado Las\u00e9r - publicidadigitalcity","og_description":"corte y grabado l\u00e1ser en Mocoa, Putumayo de alta precisi\u00f3n, ideales para dar vida a tus ideas con acabados profesionales y personalizados. Trabajamos sobre una amplia variedad de materiales como acr\u00edlico, MDF, cuero, cart\u00f3n, Foami, cartulina, sellos y m\u00e1s, garantizando resultados limpios, detallados y de excelente calidad.","og_url":"https:\/\/publicidadigitalcity.com\/index.php\/corte-y-grabado-laser\/","og_site_name":"publicidadigitalcity","article_modified_time":"2026-04-09T04:22:20+00:00","og_image":[{"url":"http:\/\/publicidadigitalcity.com\/wp-content\/uploads\/2026\/04\/flyer-laser-1024x1024.png"}],"twitter_card":"summary_large_image","twitter_misc":{"Tiempo de lectura":"1 minuto"},"schema":{"@context":"https:\/\/schema.org","@graph":[{"@type":"WebPage","@id":"https:\/\/publicidadigitalcity.com\/index.php\/corte-y-grabado-laser\/","url":"https:\/\/publicidadigitalcity.com\/index.php\/corte-y-grabado-laser\/","name":"Corte y Grabado Las\u00e9r - publicidadigitalcity","isPartOf":{"@id":"https:\/\/publicidadigitalcity.com\/#website"},"primaryImageOfPage":{"@id":"https:\/\/publicidadigitalcity.com\/index.php\/corte-y-grabado-laser\/#primaryimage"},"image":{"@id":"https:\/\/publicidadigitalcity.com\/index.php\/corte-y-grabado-laser\/#primaryimage"},"thumbnailUrl":"http:\/\/publicidadigitalcity.com\/wp-content\/uploads\/2026\/04\/flyer-laser-1024x1024.png","datePublished":"2026-04-09T04:12:14+00:00","dateModified":"2026-04-09T04:22:20+00:00","description":"corte y grabado l\u00e1ser en Mocoa, Putumayo de alta precisi\u00f3n, ideales para dar vida a tus ideas con acabados profesionales y personalizados. Trabajamos sobre una amplia variedad de materiales como acr\u00edlico, MDF, cuero, cart\u00f3n, Foami, cartulina, sellos y m\u00e1s, garantizando resultados limpios, detallados y de excelente calidad.","breadcrumb":{"@id":"https:\/\/publicidadigitalcity.com\/index.php\/corte-y-grabado-laser\/#breadcrumb"},"inLanguage":"es","potentialAction":[{"@type":"ReadAction","target":["https:\/\/publicidadigitalcity.com\/index.php\/corte-y-grabado-laser\/"]}]},{"@type":"ImageObject","inLanguage":"es","@id":"https:\/\/publicidadigitalcity.com\/index.php\/corte-y-grabado-laser\/#primaryimage","url":"http:\/\/publicidadigitalcity.com\/wp-content\/uploads\/2026\/04\/flyer-laser-1024x1024.png","contentUrl":"http:\/\/publicidadigitalcity.com\/wp-content\/uploads\/2026\/04\/flyer-laser-1024x1024.png"},{"@type":"BreadcrumbList","@id":"https:\/\/publicidadigitalcity.com\/index.php\/corte-y-grabado-laser\/#breadcrumb","itemListElement":[{"@type":"ListItem","position":1,"name":"Home","item":"https:\/\/publicidadigitalcity.com\/"},{"@type":"ListItem","position":2,"name":"Corte y Grabado Las\u00e9r"}]},{"@type":"WebSite","@id":"https:\/\/publicidadigitalcity.com\/#website","url":"https:\/\/publicidadigitalcity.com\/","name":"publicidadigitalcity","description":"","publisher":{"@id":"https:\/\/publicidadigitalcity.com\/#organization"},"potentialAction":[{"@type":"SearchAction","target":{"@type":"EntryPoint","urlTemplate":"https:\/\/publicidadigitalcity.com\/?s={search_term_string}"},"query-input":{"@type":"PropertyValueSpecification","valueRequired":true,"valueName":"search_term_string"}}],"inLanguage":"es"},{"@type":"Organization","@id":"https:\/\/publicidadigitalcity.com\/#organization","name":"publicidadigitalcity","url":"https:\/\/publicidadigitalcity.com\/","logo":{"@type":"ImageObject","inLanguage":"es","@id":"https:\/\/publicidadigitalcity.com\/#\/schema\/logo\/image\/","url":"https:\/\/publicidadigitalcity.com\/wp-content\/uploads\/2022\/05\/cropped-cropped-logo-digital-city.png","contentUrl":"https:\/\/publicidadigitalcity.com\/wp-content\/uploads\/2022\/05\/cropped-cropped-logo-digital-city.png","width":512,"height":512,"caption":"publicidadigitalcity"},"image":{"@id":"https:\/\/publicidadigitalcity.com\/#\/schema\/logo\/image\/"}}]}},"jetpack_sharing_enabled":true,"_links":{"self":[{"href":"https:\/\/publicidadigitalcity.com\/index.php\/wp-json\/wp\/v2\/pages\/3389","targetHints":{"allow":["GET"]}}],"collection":[{"href":"https:\/\/publicidadigitalcity.com\/index.php\/wp-json\/wp\/v2\/pages"}],"about":[{"href":"https:\/\/publicidadigitalcity.com\/index.php\/wp-json\/wp\/v2\/types\/page"}],"author":[{"embeddable":true,"href":"https:\/\/publicidadigitalcity.com\/index.php\/wp-json\/wp\/v2\/users\/1"}],"replies":[{"embeddable":true,"href":"https:\/\/publicidadigitalcity.com\/index.php\/wp-json\/wp\/v2\/comments?post=3389"}],"version-history":[{"count":4,"href":"https:\/\/publicidadigitalcity.com\/index.php\/wp-json\/wp\/v2\/pages\/3389\/revisions"}],"predecessor-version":[{"id":3393,"href":"https:\/\/publicidadigitalcity.com\/index.php\/wp-json\/wp\/v2\/pages\/3389\/revisions\/3393"}],"wp:attachment":[{"href":"https:\/\/publicidadigitalcity.com\/index.php\/wp-json\/wp\/v2\/media?parent=3389"}],"curies":[{"name":"wp","href":"https:\/\/api.w.org\/{rel}","templated":true}]}}