{"id":2811,"date":"2022-05-10T17:14:19","date_gmt":"2022-05-10T17:14:19","guid":{"rendered":"https:\/\/publicidadigitalcity.com\/?post_type=product&#038;p=2811"},"modified":"2024-07-09T14:26:43","modified_gmt":"2024-07-09T14:26:43","slug":"tarjetas-de-presentacion","status":"publish","type":"product","link":"https:\/\/publicidadigitalcity.com\/index.php\/producto\/tarjetas-de-presentacion\/","title":{"rendered":"Tarjetas de Presentaci\u00f3n"},"content":{"rendered":"","protected":false},"excerpt":{"rendered":"<p>Tarjetas de presentaci\u00f3n de excelente calidad una imagen para tu negocio o empresa<\/p>\n","protected":false},"featured_media":2820,"comment_status":"open","ping_status":"closed","template":"","meta":[],"product_cat":[26],"product_tag":[],"class_list":{"0":"post-2811","1":"product","2":"type-product","3":"status-publish","4":"has-post-thumbnail","6":"product_cat-tarjetas-de-presentacion","8":"first","9":"instock","10":"shipping-taxable","11":"purchasable","12":"product-type-variable","13":"has-default-attributes"},"aioseo_notices":[],"yoast_head":"<!-- This site is optimized with the Yoast SEO plugin v23.6 - https:\/\/yoast.com\/wordpress\/plugins\/seo\/ -->\n<title>Tarjetas de Presentaci\u00f3n - publicidadigitalcity<\/title>\n<meta name=\"description\" content=\"Dise\u00f1o y impresi\u00f3n de tarjetas de presentaci\u00f3n en Mocoa, Putumayo, brillo total, mate, Uv tarjetas de visita para negocio o servicios,\" \/>\n<meta name=\"robots\" content=\"index, follow, max-snippet:-1, max-image-preview:large, max-video-preview:-1\" \/>\n<link rel=\"canonical\" href=\"https:\/\/publicidadigitalcity.com\/index.php\/producto\/tarjetas-de-presentacion\/\" \/>\n<meta property=\"og:locale\" content=\"es_ES\" \/>\n<meta property=\"og:type\" content=\"article\" \/>\n<meta property=\"og:title\" content=\"Tarjetas de Presentaci\u00f3n - publicidadigitalcity\" \/>\n<meta property=\"og:description\" content=\"Dise\u00f1o y impresi\u00f3n de tarjetas de presentaci\u00f3n en Mocoa, Putumayo, brillo total, mate, Uv tarjetas de visita para negocio o servicios,\" \/>\n<meta property=\"og:url\" content=\"https:\/\/publicidadigitalcity.com\/index.php\/producto\/tarjetas-de-presentacion\/\" \/>\n<meta property=\"og:site_name\" content=\"publicidadigitalcity\" \/>\n<meta property=\"article:modified_time\" content=\"2024-07-09T14:26:43+00:00\" \/>\n<meta property=\"og:image\" content=\"http:\/\/publicidadigitalcity.com\/wp-content\/uploads\/2022\/05\/tarjeta-1-cara.jpg\" \/>\n\t<meta property=\"og:image:width\" content=\"800\" \/>\n\t<meta property=\"og:image:height\" content=\"800\" \/>\n\t<meta property=\"og:image:type\" content=\"image\/jpeg\" \/>\n<meta name=\"twitter:card\" content=\"summary_large_image\" \/>\n<script type=\"application\/ld+json\" class=\"yoast-schema-graph\">{\"@context\":\"https:\/\/schema.org\",\"@graph\":[{\"@type\":\"WebPage\",\"@id\":\"https:\/\/publicidadigitalcity.com\/index.php\/producto\/tarjetas-de-presentacion\/\",\"url\":\"https:\/\/publicidadigitalcity.com\/index.php\/producto\/tarjetas-de-presentacion\/\",\"name\":\"Tarjetas de Presentaci\u00f3n - publicidadigitalcity\",\"isPartOf\":{\"@id\":\"https:\/\/publicidadigitalcity.com\/#website\"},\"primaryImageOfPage\":{\"@id\":\"https:\/\/publicidadigitalcity.com\/index.php\/producto\/tarjetas-de-presentacion\/#primaryimage\"},\"image\":{\"@id\":\"https:\/\/publicidadigitalcity.com\/index.php\/producto\/tarjetas-de-presentacion\/#primaryimage\"},\"thumbnailUrl\":\"https:\/\/publicidadigitalcity.com\/wp-content\/uploads\/2022\/05\/tarjeta-1-cara.jpg\",\"datePublished\":\"2022-05-10T17:14:19+00:00\",\"dateModified\":\"2024-07-09T14:26:43+00:00\",\"description\":\"Dise\u00f1o y impresi\u00f3n de tarjetas de presentaci\u00f3n en Mocoa, Putumayo, brillo total, mate, Uv tarjetas de visita para negocio o servicios,\",\"breadcrumb\":{\"@id\":\"https:\/\/publicidadigitalcity.com\/index.php\/producto\/tarjetas-de-presentacion\/#breadcrumb\"},\"inLanguage\":\"es\",\"potentialAction\":[{\"@type\":\"ReadAction\",\"target\":[\"https:\/\/publicidadigitalcity.com\/index.php\/producto\/tarjetas-de-presentacion\/\"]}]},{\"@type\":\"ImageObject\",\"inLanguage\":\"es\",\"@id\":\"https:\/\/publicidadigitalcity.com\/index.php\/producto\/tarjetas-de-presentacion\/#primaryimage\",\"url\":\"https:\/\/publicidadigitalcity.com\/wp-content\/uploads\/2022\/05\/tarjeta-1-cara.jpg\",\"contentUrl\":\"https:\/\/publicidadigitalcity.com\/wp-content\/uploads\/2022\/05\/tarjeta-1-cara.jpg\",\"width\":800,\"height\":800},{\"@type\":\"BreadcrumbList\",\"@id\":\"https:\/\/publicidadigitalcity.com\/index.php\/producto\/tarjetas-de-presentacion\/#breadcrumb\",\"itemListElement\":[{\"@type\":\"ListItem\",\"position\":1,\"name\":\"Home\",\"item\":\"https:\/\/publicidadigitalcity.com\/\"},{\"@type\":\"ListItem\",\"position\":2,\"name\":\"Tarjetas de Presentaci\u00f3n\"}]},{\"@type\":\"WebSite\",\"@id\":\"https:\/\/publicidadigitalcity.com\/#website\",\"url\":\"https:\/\/publicidadigitalcity.com\/\",\"name\":\"publicidadigitalcity\",\"description\":\"\",\"publisher\":{\"@id\":\"https:\/\/publicidadigitalcity.com\/#organization\"},\"potentialAction\":[{\"@type\":\"SearchAction\",\"target\":{\"@type\":\"EntryPoint\",\"urlTemplate\":\"https:\/\/publicidadigitalcity.com\/?s={search_term_string}\"},\"query-input\":{\"@type\":\"PropertyValueSpecification\",\"valueRequired\":true,\"valueName\":\"search_term_string\"}}],\"inLanguage\":\"es\"},{\"@type\":\"Organization\",\"@id\":\"https:\/\/publicidadigitalcity.com\/#organization\",\"name\":\"publicidadigitalcity\",\"url\":\"https:\/\/publicidadigitalcity.com\/\",\"logo\":{\"@type\":\"ImageObject\",\"inLanguage\":\"es\",\"@id\":\"https:\/\/publicidadigitalcity.com\/#\/schema\/logo\/image\/\",\"url\":\"https:\/\/publicidadigitalcity.com\/wp-content\/uploads\/2022\/05\/cropped-cropped-logo-digital-city.png\",\"contentUrl\":\"https:\/\/publicidadigitalcity.com\/wp-content\/uploads\/2022\/05\/cropped-cropped-logo-digital-city.png\",\"width\":512,\"height\":512,\"caption\":\"publicidadigitalcity\"},\"image\":{\"@id\":\"https:\/\/publicidadigitalcity.com\/#\/schema\/logo\/image\/\"}}]}<\/script>\n<!-- \/ Yoast SEO plugin. -->","yoast_head_json":{"title":"Tarjetas de Presentaci\u00f3n - publicidadigitalcity","description":"Dise\u00f1o y impresi\u00f3n de tarjetas de presentaci\u00f3n en Mocoa, Putumayo, brillo total, mate, Uv tarjetas de visita para negocio o servicios,","robots":{"index":"index","follow":"follow","max-snippet":"max-snippet:-1","max-image-preview":"max-image-preview:large","max-video-preview":"max-video-preview:-1"},"canonical":"https:\/\/publicidadigitalcity.com\/index.php\/producto\/tarjetas-de-presentacion\/","og_locale":"es_ES","og_type":"article","og_title":"Tarjetas de Presentaci\u00f3n - publicidadigitalcity","og_description":"Dise\u00f1o y impresi\u00f3n de tarjetas de presentaci\u00f3n en Mocoa, Putumayo, brillo total, mate, Uv tarjetas de visita para negocio o servicios,","og_url":"https:\/\/publicidadigitalcity.com\/index.php\/producto\/tarjetas-de-presentacion\/","og_site_name":"publicidadigitalcity","article_modified_time":"2024-07-09T14:26:43+00:00","og_image":[{"width":800,"height":800,"url":"http:\/\/publicidadigitalcity.com\/wp-content\/uploads\/2022\/05\/tarjeta-1-cara.jpg","type":"image\/jpeg"}],"twitter_card":"summary_large_image","schema":{"@context":"https:\/\/schema.org","@graph":[{"@type":"WebPage","@id":"https:\/\/publicidadigitalcity.com\/index.php\/producto\/tarjetas-de-presentacion\/","url":"https:\/\/publicidadigitalcity.com\/index.php\/producto\/tarjetas-de-presentacion\/","name":"Tarjetas de Presentaci\u00f3n - publicidadigitalcity","isPartOf":{"@id":"https:\/\/publicidadigitalcity.com\/#website"},"primaryImageOfPage":{"@id":"https:\/\/publicidadigitalcity.com\/index.php\/producto\/tarjetas-de-presentacion\/#primaryimage"},"image":{"@id":"https:\/\/publicidadigitalcity.com\/index.php\/producto\/tarjetas-de-presentacion\/#primaryimage"},"thumbnailUrl":"https:\/\/publicidadigitalcity.com\/wp-content\/uploads\/2022\/05\/tarjeta-1-cara.jpg","datePublished":"2022-05-10T17:14:19+00:00","dateModified":"2024-07-09T14:26:43+00:00","description":"Dise\u00f1o y impresi\u00f3n de tarjetas de presentaci\u00f3n en Mocoa, Putumayo, brillo total, mate, Uv tarjetas de visita para negocio o servicios,","breadcrumb":{"@id":"https:\/\/publicidadigitalcity.com\/index.php\/producto\/tarjetas-de-presentacion\/#breadcrumb"},"inLanguage":"es","potentialAction":[{"@type":"ReadAction","target":["https:\/\/publicidadigitalcity.com\/index.php\/producto\/tarjetas-de-presentacion\/"]}]},{"@type":"ImageObject","inLanguage":"es","@id":"https:\/\/publicidadigitalcity.com\/index.php\/producto\/tarjetas-de-presentacion\/#primaryimage","url":"https:\/\/publicidadigitalcity.com\/wp-content\/uploads\/2022\/05\/tarjeta-1-cara.jpg","contentUrl":"https:\/\/publicidadigitalcity.com\/wp-content\/uploads\/2022\/05\/tarjeta-1-cara.jpg","width":800,"height":800},{"@type":"BreadcrumbList","@id":"https:\/\/publicidadigitalcity.com\/index.php\/producto\/tarjetas-de-presentacion\/#breadcrumb","itemListElement":[{"@type":"ListItem","position":1,"name":"Home","item":"https:\/\/publicidadigitalcity.com\/"},{"@type":"ListItem","position":2,"name":"Tarjetas de Presentaci\u00f3n"}]},{"@type":"WebSite","@id":"https:\/\/publicidadigitalcity.com\/#website","url":"https:\/\/publicidadigitalcity.com\/","name":"publicidadigitalcity","description":"","publisher":{"@id":"https:\/\/publicidadigitalcity.com\/#organization"},"potentialAction":[{"@type":"SearchAction","target":{"@type":"EntryPoint","urlTemplate":"https:\/\/publicidadigitalcity.com\/?s={search_term_string}"},"query-input":{"@type":"PropertyValueSpecification","valueRequired":true,"valueName":"search_term_string"}}],"inLanguage":"es"},{"@type":"Organization","@id":"https:\/\/publicidadigitalcity.com\/#organization","name":"publicidadigitalcity","url":"https:\/\/publicidadigitalcity.com\/","logo":{"@type":"ImageObject","inLanguage":"es","@id":"https:\/\/publicidadigitalcity.com\/#\/schema\/logo\/image\/","url":"https:\/\/publicidadigitalcity.com\/wp-content\/uploads\/2022\/05\/cropped-cropped-logo-digital-city.png","contentUrl":"https:\/\/publicidadigitalcity.com\/wp-content\/uploads\/2022\/05\/cropped-cropped-logo-digital-city.png","width":512,"height":512,"caption":"publicidadigitalcity"},"image":{"@id":"https:\/\/publicidadigitalcity.com\/#\/schema\/logo\/image\/"}}]}},"jetpack_sharing_enabled":true,"_links":{"self":[{"href":"https:\/\/publicidadigitalcity.com\/index.php\/wp-json\/wp\/v2\/product\/2811","targetHints":{"allow":["GET"]}}],"collection":[{"href":"https:\/\/publicidadigitalcity.com\/index.php\/wp-json\/wp\/v2\/product"}],"about":[{"href":"https:\/\/publicidadigitalcity.com\/index.php\/wp-json\/wp\/v2\/types\/product"}],"replies":[{"embeddable":true,"href":"https:\/\/publicidadigitalcity.com\/index.php\/wp-json\/wp\/v2\/comments?post=2811"}],"version-history":[{"count":2,"href":"https:\/\/publicidadigitalcity.com\/index.php\/wp-json\/wp\/v2\/product\/2811\/revisions"}],"predecessor-version":[{"id":2828,"href":"https:\/\/publicidadigitalcity.com\/index.php\/wp-json\/wp\/v2\/product\/2811\/revisions\/2828"}],"wp:featuredmedia":[{"embeddable":true,"href":"https:\/\/publicidadigitalcity.com\/index.php\/wp-json\/wp\/v2\/media\/2820"}],"wp:attachment":[{"href":"https:\/\/publicidadigitalcity.com\/index.php\/wp-json\/wp\/v2\/media?parent=2811"}],"wp:term":[{"taxonomy":"product_cat","embeddable":true,"href":"https:\/\/publicidadigitalcity.com\/index.php\/wp-json\/wp\/v2\/product_cat?post=2811"},{"taxonomy":"product_tag","embeddable":true,"href":"https:\/\/publicidadigitalcity.com\/index.php\/wp-json\/wp\/v2\/product_tag?post=2811"}],"curies":[{"name":"wp","href":"https:\/\/api.w.org\/{rel}","templated":true}]}}